{"id":1190,"date":"2021-08-17T09:47:15","date_gmt":"2021-08-17T09:47:15","guid":{"rendered":"https:\/\/www.findyourpace.co.uk\/?page_id=1190"},"modified":"2024-06-12T18:13:01","modified_gmt":"2024-06-12T18:13:01","slug":"privacy-policy","status":"publish","type":"page","link":"http:\/\/findyourpace.co.uk\/hu\/privacy-policy\/","title":{"rendered":"Privacy Policy"},"content":{"rendered":"<div class=\"boldgrid-section color1-background-color color-1-text-contrast bg-background-color\">\n<div class=\"container\">\n<div class=\"row color1-background-color color-1-text-contrast bg-background-color\">\n<div class=\"col-md-12 col-xs-12 col-sm-12 color1-background-color color-1-text-contrast bg-background-color col-lg-12\">\n<h3 class=\"\" style=\"text-align: center;\"><strong>Privacy Policy<\/strong><\/h3>\n<p class=\"\">Last updated: 17.08.2021 <pre class=\"ti-widget\"><template id=\"trustindex-google-widget-html\"><div class=\"ti-widget  ti-goog ti-no-profile-img ti-show-rating-text ti-review-text-mode-readmore ti-text-align-left\" data-no-translation=\"true\" data-plugin-version=\"13.2.7\" data-layout-id=\"17\" data-layout-category=\"floating\" data-set-id=\"light-background\" data-pid=\"\" data-language=\"en\" data-close-locale=\"Close\" data-css-version=\"2\" data-reply-by-locale=\"Owner's reply\" data-only-rating-locale=\"This user only left a rating.\" data-pager-autoplay-timeout=\"6\"> <div class=\"ti-widget-container ti-col-1\"> <div class=\"ti-reviews-container\"> <div class=\"ti-reviews-container-wrapper\">  <div data-empty=\"0\" class=\"ti-review-item source-Google ti-image-layout-thumbnail\" data-id=\"cfcd208495d565ef66e7dff9f98764da\"> <div class=\"ti-close-button\" aria-label=\"Close\" role=\"button\"><\/div> <div class=\"ti-inner\"> <div class=\"col-left\"> <div class=\"ti-review-header\">  <\/div> <\/div> <div class=\"col-right\"> <span class=\"ti-stars\"> <div class=\"ti-platform-icon ti-with-tooltip\"> <span class=\"ti-tooltip\">Posted on <\/span> <trustindex-image data-imgurl=\"https:\/\/cdn.trustindex.io\/assets\/platform\/Google\/icon.svg\" alt=\"\" width=\"20\" height=\"20\" loading=\"lazy\"><\/trustindex-image> <\/div> <trustindex-image class=\"ti-star\" data-imgurl=\"https:\/\/cdn.trustindex.io\/assets\/platform\/Google\/star\/f.svg\" alt=\"Google\" width=\"17\" height=\"17\" loading=\"lazy\"><\/trustindex-image><trustindex-image class=\"ti-star\" data-imgurl=\"https:\/\/cdn.trustindex.io\/assets\/platform\/Google\/star\/f.svg\" alt=\"Google\" width=\"17\" height=\"17\" loading=\"lazy\"><\/trustindex-image><trustindex-image class=\"ti-star\" data-imgurl=\"https:\/\/cdn.trustindex.io\/assets\/platform\/Google\/star\/f.svg\" alt=\"Google\" width=\"17\" height=\"17\" loading=\"lazy\"><\/trustindex-image><trustindex-image class=\"ti-star\" data-imgurl=\"https:\/\/cdn.trustindex.io\/assets\/platform\/Google\/star\/f.svg\" alt=\"Google\" width=\"17\" height=\"17\" loading=\"lazy\"><\/trustindex-image><trustindex-image class=\"ti-star\" data-imgurl=\"https:\/\/cdn.trustindex.io\/assets\/platform\/Google\/star\/f.svg\" alt=\"Google\" width=\"17\" height=\"17\" loading=\"lazy\"><\/trustindex-image> <\/span> <div class=\"ti-review-text-container ti-review-text\"><!-- R-CONTENT -->Overall, I've had a very positive experience working with Szabolcs. He creates a warm and welcoming environment, making it easy to open up and discuss difficult topics. His friendly demeanour puts me at ease, allowing for honest and productive sessions. I particularly appreciate his collaborative approach. Not only does he offer insightful suggestions, but he also encourages me to explore different perspectives, helping me develop solutions that feel right for me.\nThanks to Szabolcs's guidance, I've made significant progress in addressing a number of challenges. He's equipped me with valuable tools and strategies to navigate difficult situations. More importantly, he's helped me gain a deeper understanding of underlying issues from my childhood. This newfound self-awareness has been instrumental in moving forward and building a more fulfilling life.\nIf you're looking for a supportive and skilled counsellor, I highly recommend Szabolcs. His combination of warmth, expertise, and collaborative approach has been invaluable in my personal growth journey.<!-- R-CONTENT --><\/div> <div class=\"ti-profile-details\"> <div class=\"ti-name\"> William Gray <\/div> <div class=\"ti-date\">2024-05-10<\/div> <\/div> <\/div> <\/div> <\/div>  <div data-empty=\"0\" class=\"ti-review-item source-Google ti-image-layout-thumbnail\" data-id=\"cfcd208495d565ef66e7dff9f98764da\"> <div class=\"ti-close-button\" aria-label=\"Close\" role=\"button\"><\/div> <div class=\"ti-inner\"> <div class=\"col-left\"> <div class=\"ti-review-header\">  <\/div> <\/div> <div class=\"col-right\"> <span class=\"ti-stars\"> <div class=\"ti-platform-icon ti-with-tooltip\"> <span class=\"ti-tooltip\">Posted on <\/span> <trustindex-image data-imgurl=\"https:\/\/cdn.trustindex.io\/assets\/platform\/Google\/icon.svg\" alt=\"\" width=\"20\" height=\"20\" loading=\"lazy\"><\/trustindex-image> <\/div> <trustindex-image class=\"ti-star\" data-imgurl=\"https:\/\/cdn.trustindex.io\/assets\/platform\/Google\/star\/f.svg\" alt=\"Google\" width=\"17\" height=\"17\" loading=\"lazy\"><\/trustindex-image><trustindex-image class=\"ti-star\" data-imgurl=\"https:\/\/cdn.trustindex.io\/assets\/platform\/Google\/star\/f.svg\" alt=\"Google\" width=\"17\" height=\"17\" loading=\"lazy\"><\/trustindex-image><trustindex-image class=\"ti-star\" data-imgurl=\"https:\/\/cdn.trustindex.io\/assets\/platform\/Google\/star\/f.svg\" alt=\"Google\" width=\"17\" height=\"17\" loading=\"lazy\"><\/trustindex-image><trustindex-image class=\"ti-star\" data-imgurl=\"https:\/\/cdn.trustindex.io\/assets\/platform\/Google\/star\/f.svg\" alt=\"Google\" width=\"17\" height=\"17\" loading=\"lazy\"><\/trustindex-image><trustindex-image class=\"ti-star\" data-imgurl=\"https:\/\/cdn.trustindex.io\/assets\/platform\/Google\/star\/f.svg\" alt=\"Google\" width=\"17\" height=\"17\" loading=\"lazy\"><\/trustindex-image> <\/span> <div class=\"ti-review-text-container ti-review-text\"><!-- R-CONTENT -->I've been working with Szabolcs for well over 2 years now. I've clearly experienced tremendous changes in the areas I was dissatisfied about. Szabolcs has been a great support, and I give him credit for being in a better place now. I like how flexible his approach is, his external point of view is always relevant and provides avenues to explore. I certainly have no hesitation in recommending him.<!-- R-CONTENT --><\/div> <div class=\"ti-profile-details\"> <div class=\"ti-name\"> Romy Photo <\/div> <div class=\"ti-date\">2024-03-16<\/div> <\/div> <\/div> <\/div> <\/div>  <div data-empty=\"0\" class=\"ti-review-item source-Google ti-image-layout-thumbnail\" data-id=\"cfcd208495d565ef66e7dff9f98764da\"> <div class=\"ti-close-button\" aria-label=\"Close\" role=\"button\"><\/div> <div class=\"ti-inner\"> <div class=\"col-left\"> <div class=\"ti-review-header\">  <\/div> <\/div> <div class=\"col-right\"> <span class=\"ti-stars\"> <div class=\"ti-platform-icon ti-with-tooltip\"> <span class=\"ti-tooltip\">Posted on <\/span> <trustindex-image data-imgurl=\"https:\/\/cdn.trustindex.io\/assets\/platform\/Google\/icon.svg\" alt=\"\" width=\"20\" height=\"20\" loading=\"lazy\"><\/trustindex-image> <\/div> <trustindex-image class=\"ti-star\" data-imgurl=\"https:\/\/cdn.trustindex.io\/assets\/platform\/Google\/star\/f.svg\" alt=\"Google\" width=\"17\" height=\"17\" loading=\"lazy\"><\/trustindex-image><trustindex-image class=\"ti-star\" data-imgurl=\"https:\/\/cdn.trustindex.io\/assets\/platform\/Google\/star\/f.svg\" alt=\"Google\" width=\"17\" height=\"17\" loading=\"lazy\"><\/trustindex-image><trustindex-image class=\"ti-star\" data-imgurl=\"https:\/\/cdn.trustindex.io\/assets\/platform\/Google\/star\/f.svg\" alt=\"Google\" width=\"17\" height=\"17\" loading=\"lazy\"><\/trustindex-image><trustindex-image class=\"ti-star\" data-imgurl=\"https:\/\/cdn.trustindex.io\/assets\/platform\/Google\/star\/f.svg\" alt=\"Google\" width=\"17\" height=\"17\" loading=\"lazy\"><\/trustindex-image><trustindex-image class=\"ti-star\" data-imgurl=\"https:\/\/cdn.trustindex.io\/assets\/platform\/Google\/star\/f.svg\" alt=\"Google\" width=\"17\" height=\"17\" loading=\"lazy\"><\/trustindex-image> <\/span> <div class=\"ti-review-text-container ti-review-text\"><!-- R-CONTENT -->Extremely professional service, highly recommending for anyone<!-- R-CONTENT --><\/div> <div class=\"ti-profile-details\"> <div class=\"ti-name\"> marek gorniak <\/div> <div class=\"ti-date\">2024-02-19<\/div> <\/div> <\/div> <\/div> <\/div>  <\/div> <\/div> <\/div> <\/div> <\/template><\/pre><div data-src=\"https:\/\/cdn.trustindex.io\/loader.js?wp-widget\" data-template-id=\"trustindex-google-widget-html\" data-css-url=\"https:\/\/findyourpace.co.uk\/wp-content\/uploads\/trustindex-google-widget.css?1764255965\"><\/div><\/p>\n<p class=\"\">&nbsp;<\/p>\n<h4><strong>El\u00e9rhet\u0151s\u00e9geim <\/strong><\/h4>\n<p class=\"\">Name: Szabolcs G\u00e1lv\u00f6lgyi<\/p>\n<p class=\"\">Address: Stoke-on-Trent<\/p>\n<p class=\"\">Phone Number: <a href=\"http:\/\/Tel:07503578639\">+44 7503 578639<\/a><\/p>\n<p class=\"\">Email: <a href=\"mailto:contact@findyourpace.co.uk\">contact@findyourpace.co.uk<\/a><\/p>\n<p class=\"\">&nbsp;<\/p>\n<h4 class=\"\"><strong>The type of personal information that is collected on this website <\/strong><\/h4>\n<p class=\"\">The following information is currently collected and processed:<\/p>\n<ul class=\"\">\n<li>Personal identifiers, contacts and characteristics (for example, name and contact details)<\/li>\n<\/ul>\n<p class=\"\">&nbsp;<\/p>\n<\/div>\n<\/div>\n<div class=\"row\">\n<div class=\"col-md-12 col-xs-12 col-sm-12 col-lg-12\">\n<h4 class=\"\"><strong>How personal information is collected on this website and why<br \/>\n<\/strong><\/h4>\n<p class=\"\">Most of the personal information processed is provided directly by you for one of the following reasons:<\/p>\n<ul class=\"\">\n<li>To answer any enquiries that is received from you about the service<\/li>\n<li>To publish your Book\/Movie suggestion on this website<\/li>\n<\/ul>\n<p class=\"\">The information that you have given is used in order to:<\/p>\n<ul class=\"\">\n<li>answer your enquiry<\/li>\n<li>to publish your Book\/Movie suggestion on the website<\/li>\n<\/ul>\n<p class=\"\">The information will be shared with relevant authorities (e.g. police), IF it is applicable (e.g., preventing a crime).<\/p>\n<p class=\"\">Under the General Data Protection Regulation (GDPR), the lawful bases for processing this information are:<\/p>\n<p class=\"\"><strong>(a) Your consent<\/strong><strong>. You are able to remove your consent at any time. You can do this by contacting contact@findyourpace.co.uk<\/strong><\/p>\n<p class=\"\"><strong>(c) I have a legal obligation: e.g., reporting crimes, such as money laundering<\/strong><\/p>\n<h4 class=\"\"><strong>How your personal information is stored<br \/>\n<\/strong><\/h4>\n<p class=\"\">Your information is securely stored electronically.<\/p>\n<p class=\"\">Your name, contact details, and your enquiry will be stored for the duration of the service provided to you (e.g. duration of therapy). After that period, the information will be disposed of by permanently deleting them.<\/p>\n<p class=\"\">Your Book\/Movie suggestions will be published on the website, after which the original messages will be disposed of immediately by deleting them permanently.<\/p>\n<h4><strong>Your data protection rights<\/strong><\/h4>\n<p class=\"\">Under data protection law, you have rights including:<\/p>\n<p class=\"\"><strong>Your right of access<\/strong> &#8211; You have the right to ask for copies of your personal information.<\/p>\n<p class=\"\"><strong>Your right to rectification<\/strong> &#8211; You have the right to ask to rectify personal information you think is inaccurate. You also have the right to ask to complete information you think is incomplete.<\/p>\n<p class=\"\"><strong>Your right to erasure<\/strong> &#8211; You have the right to ask to erase your personal information in certain circumstances.<\/p>\n<p class=\"\"><strong>Your right to restriction of processing<\/strong> &#8211; You have the right to ask to restrict the processing of your personal information in certain circumstances.<\/p>\n<p class=\"\"><strong>Your right to object to processing<\/strong> &#8211; You have the the right to object to the processing of your personal information in certain circumstances.<\/p>\n<p class=\"\"><strong>Your right to data portability<\/strong> &#8211; You have the right to ask for the personal information you provided to be transferred to another organisation, or to you, in certain circumstances.<\/p>\n<p class=\"\">You are not required to pay any charge for exercising your rights. If you make a request, you should receive a response within one month.<\/p>\n<p class=\"\">Please contact me at <a href=\"mailto:contact@findyourpace.co.uk\">contact@findyourpace.co.uk<\/a> if you wish to make a request.<\/p>\n<h4><strong>How to complain<\/strong><\/h4>\n<p class=\"\">If you have any concerns about the use of your personal information, you can make a complaint to me at contact@findyourpace.co.uk.<\/p>\n<p class=\"\">You can also complain to the ICO if you are unhappy with how your data has been used.<\/p>\n<p class=\"\">The ICO\u2019s address:&nbsp;&nbsp;&nbsp;&nbsp;&nbsp;&nbsp;&nbsp;&nbsp;&nbsp;&nbsp;&nbsp;<\/p>\n<p class=\"\">Information Commissioner\u2019s Office<\/p>\n<p>Wycliffe House<\/p>\n<p class=\"\">Water Lane<\/p>\n<p>Wilmslow<\/p>\n<p>Cheshire<\/p>\n<p>SK9 5AF<\/p>\n<p class=\"\">&nbsp;<\/p>\n<p>Helpline number: 0303 123 1113<\/p>\n<p class=\"\">ICO website: <a href=\"https:\/\/www.ico.org.uk\">https:\/\/www.ico.org.uk<\/a><\/p>\n<\/div>\n<\/div>\n<\/div>\n<\/div>","protected":false},"excerpt":{"rendered":"<p>Privacy Policy Last updated: 17.08.2021 &nbsp; Contact details Name: Szabolcs G\u00e1lv\u00f6lgyi Address: Stoke-on-Trent Phone Number: +44 7503 578639 Email: contact@findyourpace.co.uk &nbsp; The type of personal information that is collected on this website The following information is currently collected and processed: Personal identifiers, contacts and characteristics (for example, name and contact details) &nbsp; How personal information [&hellip;]<\/p>\n","protected":false},"author":1,"featured_media":0,"parent":0,"menu_order":0,"comment_status":"closed","ping_status":"closed","template":"","meta":{"bgseo_title":"","bgseo_description":"","bgseo_robots_index":"index","bgseo_robots_follow":"follow","_monsterinsights_skip_tracking":false,"_monsterinsights_sitenote_active":false,"_monsterinsights_sitenote_note":"","_monsterinsights_sitenote_category":0,"footnotes":""},"class_list":["post-1190","page","type-page","status-publish"],"yoast_head":"<!-- This site is optimized with the Yoast SEO plugin v27.0 - https:\/\/yoast.com\/product\/yoast-seo-wordpress\/ -->\n<title>Privacy Policy | Find Your Pace<\/title>\n<meta name=\"robots\" content=\"index, follow, max-snippet:-1, max-image-preview:large, max-video-preview:-1\" \/>\n<link rel=\"canonical\" href=\"https:\/\/findyourpace.co.uk\/hu\/privacy-policy\/\" \/>\n<meta property=\"og:locale\" content=\"hu_HU\" \/>\n<meta property=\"og:type\" content=\"article\" \/>\n<meta property=\"og:title\" content=\"Privacy Policy - Find Your Pace\" \/>\n<meta property=\"og:description\" content=\"Privacy Policy Last updated: 17.08.2021 &nbsp; Contact details Name: Szabolcs G\u00e1lv\u00f6lgyi Address: Stoke-on-Trent Phone Number: +44 7503 578639 Email: contact@findyourpace.co.uk &nbsp; The type of personal information that is collected on this website The following information is currently collected and processed: Personal identifiers, contacts and characteristics (for example, name and contact details) &nbsp; How personal information [&hellip;]\" \/>\n<meta property=\"og:url\" content=\"https:\/\/findyourpace.co.uk\/hu\/privacy-policy\/\" \/>\n<meta property=\"og:site_name\" content=\"Find Your Pace\" \/>\n<meta property=\"article:publisher\" content=\"https:\/\/www.facebook.com\/findyourpacetherapy\" \/>\n<meta property=\"article:modified_time\" content=\"2024-06-12T18:13:01+00:00\" \/>\n<meta name=\"twitter:card\" content=\"summary_large_image\" \/>\n<meta name=\"twitter:label1\" content=\"Est. reading time\" \/>\n\t<meta name=\"twitter:data1\" content=\"3 minutes\" \/>\n<script type=\"application\/ld+json\" class=\"yoast-schema-graph\">{\"@context\":\"https:\/\/schema.org\",\"@graph\":[{\"@type\":\"WebPage\",\"@id\":\"https:\/\/findyourpace.co.uk\/privacy-policy\/\",\"url\":\"https:\/\/findyourpace.co.uk\/privacy-policy\/\",\"name\":\"Privacy Policy - Find Your Pace\",\"isPartOf\":{\"@id\":\"https:\/\/findyourpace.co.uk\/#website\"},\"datePublished\":\"2021-08-17T09:47:15+00:00\",\"dateModified\":\"2024-06-12T18:13:01+00:00\",\"breadcrumb\":{\"@id\":\"https:\/\/findyourpace.co.uk\/privacy-policy\/#breadcrumb\"},\"inLanguage\":\"hu-HU\",\"potentialAction\":[{\"@type\":\"ReadAction\",\"target\":[\"https:\/\/findyourpace.co.uk\/privacy-policy\/\"]}]},{\"@type\":\"BreadcrumbList\",\"@id\":\"https:\/\/findyourpace.co.uk\/privacy-policy\/#breadcrumb\",\"itemListElement\":[{\"@type\":\"ListItem\",\"position\":1,\"name\":\"Home\",\"item\":\"https:\/\/findyourpace.co.uk\/\"},{\"@type\":\"ListItem\",\"position\":2,\"name\":\"Privacy Policy\"}]},{\"@type\":\"WebSite\",\"@id\":\"https:\/\/findyourpace.co.uk\/#website\",\"url\":\"https:\/\/findyourpace.co.uk\/\",\"name\":\"Find Your Pace - Psychological Therapy Services for Adults and Adolescents\",\"description\":\"Psychological Therapy and Clinical Supervision for Adults and Adolescents\",\"publisher\":{\"@id\":\"https:\/\/findyourpace.co.uk\/#organization\"},\"alternateName\":\"Find Your Pace Therapy\",\"potentialAction\":[{\"@type\":\"SearchAction\",\"target\":{\"@type\":\"EntryPoint\",\"urlTemplate\":\"https:\/\/findyourpace.co.uk\/?s={search_term_string}\"},\"query-input\":{\"@type\":\"PropertyValueSpecification\",\"valueRequired\":true,\"valueName\":\"search_term_string\"}}],\"inLanguage\":\"hu-HU\"},{\"@type\":\"Organization\",\"@id\":\"https:\/\/findyourpace.co.uk\/#organization\",\"name\":\"Find Your Pace - Psychological Therapy Services for Adults and Adolescents\",\"alternateName\":\"Find Your Pace Therapy\",\"url\":\"https:\/\/findyourpace.co.uk\/\",\"logo\":{\"@type\":\"ImageObject\",\"inLanguage\":\"hu-HU\",\"@id\":\"https:\/\/findyourpace.co.uk\/#\/schema\/logo\/image\/\",\"url\":\"http:\/\/findyourpace.co.uk\/wp-content\/uploads\/2021\/08\/Szabolcs_Galvolgyi_Profile_Picture_2-1.jpg\",\"contentUrl\":\"http:\/\/findyourpace.co.uk\/wp-content\/uploads\/2021\/08\/Szabolcs_Galvolgyi_Profile_Picture_2-1.jpg\",\"width\":2049,\"height\":1973,\"caption\":\"Find Your Pace - Psychological Therapy Services for Adults and Adolescents\"},\"image\":{\"@id\":\"https:\/\/findyourpace.co.uk\/#\/schema\/logo\/image\/\"},\"sameAs\":[\"https:\/\/www.facebook.com\/findyourpacetherapy\",\"https:\/\/www.youtube.com\/channel\/UCYbVRQP-SQAVYjUx0qF-rWg\",\"https:\/\/www.linkedin.com\/in\/findyourpacetherapy\"]}]}<\/script>\n<!-- \/ Yoast SEO plugin. -->","yoast_head_json":{"title":"Privacy Policy | Find Your Pace","robots":{"index":"index","follow":"follow","max-snippet":"max-snippet:-1","max-image-preview":"max-image-preview:large","max-video-preview":"max-video-preview:-1"},"canonical":"https:\/\/findyourpace.co.uk\/hu\/privacy-policy\/","og_locale":"hu_HU","og_type":"article","og_title":"Privacy Policy - Find Your Pace","og_description":"Privacy Policy Last updated: 17.08.2021 &nbsp; Contact details Name: Szabolcs G\u00e1lv\u00f6lgyi Address: Stoke-on-Trent Phone Number: +44 7503 578639 Email: contact@findyourpace.co.uk &nbsp; The type of personal information that is collected on this website The following information is currently collected and processed: Personal identifiers, contacts and characteristics (for example, name and contact details) &nbsp; How personal information [&hellip;]","og_url":"https:\/\/findyourpace.co.uk\/hu\/privacy-policy\/","og_site_name":"Find Your Pace","article_publisher":"https:\/\/www.facebook.com\/findyourpacetherapy","article_modified_time":"2024-06-12T18:13:01+00:00","twitter_card":"summary_large_image","twitter_misc":{"Est. reading time":"3 minutes"},"schema":{"@context":"https:\/\/schema.org","@graph":[{"@type":"WebPage","@id":"https:\/\/findyourpace.co.uk\/privacy-policy\/","url":"https:\/\/findyourpace.co.uk\/privacy-policy\/","name":"Privacy Policy - Find Your Pace","isPartOf":{"@id":"https:\/\/findyourpace.co.uk\/#website"},"datePublished":"2021-08-17T09:47:15+00:00","dateModified":"2024-06-12T18:13:01+00:00","breadcrumb":{"@id":"https:\/\/findyourpace.co.uk\/privacy-policy\/#breadcrumb"},"inLanguage":"hu-HU","potentialAction":[{"@type":"ReadAction","target":["https:\/\/findyourpace.co.uk\/privacy-policy\/"]}]},{"@type":"BreadcrumbList","@id":"https:\/\/findyourpace.co.uk\/privacy-policy\/#breadcrumb","itemListElement":[{"@type":"ListItem","position":1,"name":"Home","item":"https:\/\/findyourpace.co.uk\/"},{"@type":"ListItem","position":2,"name":"Privacy Policy"}]},{"@type":"WebSite","@id":"https:\/\/findyourpace.co.uk\/#website","url":"https:\/\/findyourpace.co.uk\/","name":"Find Your Pace - Psychological Therapy Services for Adults and Adolescents","description":"Psychological Therapy and Clinical Supervision for Adults and Adolescents","publisher":{"@id":"https:\/\/findyourpace.co.uk\/#organization"},"alternateName":"Find Your Pace Therapy","potentialAction":[{"@type":"SearchAction","target":{"@type":"EntryPoint","urlTemplate":"https:\/\/findyourpace.co.uk\/?s={search_term_string}"},"query-input":{"@type":"PropertyValueSpecification","valueRequired":true,"valueName":"search_term_string"}}],"inLanguage":"hu-HU"},{"@type":"Organization","@id":"https:\/\/findyourpace.co.uk\/#organization","name":"Find Your Pace - Psychological Therapy Services for Adults and Adolescents","alternateName":"Find Your Pace Therapy","url":"https:\/\/findyourpace.co.uk\/","logo":{"@type":"ImageObject","inLanguage":"hu-HU","@id":"https:\/\/findyourpace.co.uk\/#\/schema\/logo\/image\/","url":"http:\/\/findyourpace.co.uk\/wp-content\/uploads\/2021\/08\/Szabolcs_Galvolgyi_Profile_Picture_2-1.jpg","contentUrl":"http:\/\/findyourpace.co.uk\/wp-content\/uploads\/2021\/08\/Szabolcs_Galvolgyi_Profile_Picture_2-1.jpg","width":2049,"height":1973,"caption":"Find Your Pace - Psychological Therapy Services for Adults and Adolescents"},"image":{"@id":"https:\/\/findyourpace.co.uk\/#\/schema\/logo\/image\/"},"sameAs":["https:\/\/www.facebook.com\/findyourpacetherapy","https:\/\/www.youtube.com\/channel\/UCYbVRQP-SQAVYjUx0qF-rWg","https:\/\/www.linkedin.com\/in\/findyourpacetherapy"]}]}},"_links":{"self":[{"href":"http:\/\/findyourpace.co.uk\/hu\/wp-json\/wp\/v2\/pages\/1190","targetHints":{"allow":["GET"]}}],"collection":[{"href":"http:\/\/findyourpace.co.uk\/hu\/wp-json\/wp\/v2\/pages"}],"about":[{"href":"http:\/\/findyourpace.co.uk\/hu\/wp-json\/wp\/v2\/types\/page"}],"author":[{"embeddable":true,"href":"http:\/\/findyourpace.co.uk\/hu\/wp-json\/wp\/v2\/users\/1"}],"replies":[{"embeddable":true,"href":"http:\/\/findyourpace.co.uk\/hu\/wp-json\/wp\/v2\/comments?post=1190"}],"version-history":[{"count":0,"href":"http:\/\/findyourpace.co.uk\/hu\/wp-json\/wp\/v2\/pages\/1190\/revisions"}],"wp:attachment":[{"href":"http:\/\/findyourpace.co.uk\/hu\/wp-json\/wp\/v2\/media?parent=1190"}],"curies":[{"name":"wp","href":"https:\/\/api.w.org\/{rel}","templated":true}]}}