{"id":1338,"date":"2024-01-27T19:29:58","date_gmt":"2024-01-27T19:29:58","guid":{"rendered":"https:\/\/www.findyourpace.co.uk\/?page_id=1338"},"modified":"2024-06-12T18:13:56","modified_gmt":"2024-06-12T18:13:56","slug":"resources","status":"publish","type":"page","link":"http:\/\/findyourpace.co.uk\/hu\/resources\/","title":{"rendered":"Seg\u00e9danyagok"},"content":{"rendered":"<div class=\"boldgrid-section color1-background-color color-1-text-contrast bg-background-color\">\n<div class=\"container\">\n<div class=\"row\" style=\"padding-top: 20px; padding-bottom: 20px;\">\n<div class=\"col-lg-12 col-md-12 col-xs-12 col-sm-12\">\n<h2 class=\"\" style=\"text-align: center;\">Seg\u00e9danyagok<\/h2>\n<p class=\"\">&nbsp;<\/p>\n<p class=\"\">Ebben a szekci\u00f3ban olyan seg\u00e9danyagokat tal\u00e1lhat, amelyek tal\u00e1n a haszn\u00e1ra v\u00e1lhatnak.<\/p>\n<\/div>\n<\/div>\n<div class=\"row color1-background-color color-1-text-contrast bg-background-color\" style=\"padding-top: 20px; padding-bottom: 20px;\">\n<div class=\"col-lg-5 col-md-12 col-xs-12 col-sm-12\">\n<h4 class=\"\">Kiv\u00e1lt\u00f3 okok ismerete (Angol nyelven)<\/h4>\n<p class=\"\">&nbsp;<\/p>\n<p class=\"\">Avval a c\u00e9llal fejlesztettem ki ezt a dokumentumot, hogy ez seg\u00edts\u00e9get ny\u00fajthasson az embereknek bizonyos kiv\u00e1lt\u00f3 okok felt\u00e1r\u00e1s\u00e1ban, az arra adott esetleges v\u00e1laszreakci\u00f3k megismer\u00e9s\u00e9ben, \u00e9s a kiv\u00e1lt\u00f3 okokkal val\u00f3 szemben\u00e9z\u00e9ssel\/elker\u00fcl\u00e9s\u00e9vel kapcsolatos el\u0151ny\u00f6k \u00e9s h\u00e1tr\u00e1nyok megk\u00fcl\u00f6nb\u00f6ztet\u00e9s\u00e9ben. Tov\u00e1bb\u00e1, a kiv\u00e1lt\u00f3 okok csoportos\u00edt\u00e1s\u00e1val kapcsolatban is \u00fatmutat\u00e1st ny\u00fajt. <pre class=\"ti-widget\"><template id=\"trustindex-google-widget-html\"><div class=\"ti-widget  ti-goog ti-no-profile-img ti-show-rating-text ti-review-text-mode-readmore ti-text-align-left\" data-no-translation=\"true\" data-plugin-version=\"13.2.7\" data-layout-id=\"17\" data-layout-category=\"floating\" data-set-id=\"light-background\" data-pid=\"\" data-language=\"en\" data-close-locale=\"Close\" data-css-version=\"2\" data-reply-by-locale=\"Owner's reply\" data-only-rating-locale=\"This user only left a rating.\" data-pager-autoplay-timeout=\"6\"> <div class=\"ti-widget-container ti-col-1\"> <div class=\"ti-reviews-container\"> <div class=\"ti-reviews-container-wrapper\">  <div data-empty=\"0\" class=\"ti-review-item source-Google ti-image-layout-thumbnail\" data-id=\"cfcd208495d565ef66e7dff9f98764da\"> <div class=\"ti-close-button\" aria-label=\"Close\" role=\"button\"><\/div> <div class=\"ti-inner\"> <div class=\"col-left\"> <div class=\"ti-review-header\">  <\/div> <\/div> <div class=\"col-right\"> <span class=\"ti-stars\"> <div class=\"ti-platform-icon ti-with-tooltip\"> <span class=\"ti-tooltip\">Posted on <\/span> <trustindex-image data-imgurl=\"https:\/\/cdn.trustindex.io\/assets\/platform\/Google\/icon.svg\" alt=\"\" width=\"20\" height=\"20\" loading=\"lazy\"><\/trustindex-image> <\/div> <trustindex-image class=\"ti-star\" data-imgurl=\"https:\/\/cdn.trustindex.io\/assets\/platform\/Google\/star\/f.svg\" alt=\"Google\" width=\"17\" height=\"17\" loading=\"lazy\"><\/trustindex-image><trustindex-image class=\"ti-star\" data-imgurl=\"https:\/\/cdn.trustindex.io\/assets\/platform\/Google\/star\/f.svg\" alt=\"Google\" width=\"17\" height=\"17\" loading=\"lazy\"><\/trustindex-image><trustindex-image class=\"ti-star\" data-imgurl=\"https:\/\/cdn.trustindex.io\/assets\/platform\/Google\/star\/f.svg\" alt=\"Google\" width=\"17\" height=\"17\" loading=\"lazy\"><\/trustindex-image><trustindex-image class=\"ti-star\" data-imgurl=\"https:\/\/cdn.trustindex.io\/assets\/platform\/Google\/star\/f.svg\" alt=\"Google\" width=\"17\" height=\"17\" loading=\"lazy\"><\/trustindex-image><trustindex-image class=\"ti-star\" data-imgurl=\"https:\/\/cdn.trustindex.io\/assets\/platform\/Google\/star\/f.svg\" alt=\"Google\" width=\"17\" height=\"17\" loading=\"lazy\"><\/trustindex-image> <\/span> <div class=\"ti-review-text-container ti-review-text\"><!-- R-CONTENT -->Overall, I've had a very positive experience working with Szabolcs. He creates a warm and welcoming environment, making it easy to open up and discuss difficult topics. His friendly demeanour puts me at ease, allowing for honest and productive sessions. I particularly appreciate his collaborative approach. Not only does he offer insightful suggestions, but he also encourages me to explore different perspectives, helping me develop solutions that feel right for me.\nThanks to Szabolcs's guidance, I've made significant progress in addressing a number of challenges. He's equipped me with valuable tools and strategies to navigate difficult situations. More importantly, he's helped me gain a deeper understanding of underlying issues from my childhood. This newfound self-awareness has been instrumental in moving forward and building a more fulfilling life.\nIf you're looking for a supportive and skilled counsellor, I highly recommend Szabolcs. His combination of warmth, expertise, and collaborative approach has been invaluable in my personal growth journey.<!-- R-CONTENT --><\/div> <div class=\"ti-profile-details\"> <div class=\"ti-name\"> William Gray <\/div> <div class=\"ti-date\">2024-05-10<\/div> <\/div> <\/div> <\/div> <\/div>  <div data-empty=\"0\" class=\"ti-review-item source-Google ti-image-layout-thumbnail\" data-id=\"cfcd208495d565ef66e7dff9f98764da\"> <div class=\"ti-close-button\" aria-label=\"Close\" role=\"button\"><\/div> <div class=\"ti-inner\"> <div class=\"col-left\"> <div class=\"ti-review-header\">  <\/div> <\/div> <div class=\"col-right\"> <span class=\"ti-stars\"> <div class=\"ti-platform-icon ti-with-tooltip\"> <span class=\"ti-tooltip\">Posted on <\/span> <trustindex-image data-imgurl=\"https:\/\/cdn.trustindex.io\/assets\/platform\/Google\/icon.svg\" alt=\"\" width=\"20\" height=\"20\" loading=\"lazy\"><\/trustindex-image> <\/div> <trustindex-image class=\"ti-star\" data-imgurl=\"https:\/\/cdn.trustindex.io\/assets\/platform\/Google\/star\/f.svg\" alt=\"Google\" width=\"17\" height=\"17\" loading=\"lazy\"><\/trustindex-image><trustindex-image class=\"ti-star\" data-imgurl=\"https:\/\/cdn.trustindex.io\/assets\/platform\/Google\/star\/f.svg\" alt=\"Google\" width=\"17\" height=\"17\" loading=\"lazy\"><\/trustindex-image><trustindex-image class=\"ti-star\" data-imgurl=\"https:\/\/cdn.trustindex.io\/assets\/platform\/Google\/star\/f.svg\" alt=\"Google\" width=\"17\" height=\"17\" loading=\"lazy\"><\/trustindex-image><trustindex-image class=\"ti-star\" data-imgurl=\"https:\/\/cdn.trustindex.io\/assets\/platform\/Google\/star\/f.svg\" alt=\"Google\" width=\"17\" height=\"17\" loading=\"lazy\"><\/trustindex-image><trustindex-image class=\"ti-star\" data-imgurl=\"https:\/\/cdn.trustindex.io\/assets\/platform\/Google\/star\/f.svg\" alt=\"Google\" width=\"17\" height=\"17\" loading=\"lazy\"><\/trustindex-image> <\/span> <div class=\"ti-review-text-container ti-review-text\"><!-- R-CONTENT -->I've been working with Szabolcs for well over 2 years now. I've clearly experienced tremendous changes in the areas I was dissatisfied about. Szabolcs has been a great support, and I give him credit for being in a better place now. I like how flexible his approach is, his external point of view is always relevant and provides avenues to explore. I certainly have no hesitation in recommending him.<!-- R-CONTENT --><\/div> <div class=\"ti-profile-details\"> <div class=\"ti-name\"> Romy Photo <\/div> <div class=\"ti-date\">2024-03-16<\/div> <\/div> <\/div> <\/div> <\/div>  <div data-empty=\"0\" class=\"ti-review-item source-Google ti-image-layout-thumbnail\" data-id=\"cfcd208495d565ef66e7dff9f98764da\"> <div class=\"ti-close-button\" aria-label=\"Close\" role=\"button\"><\/div> <div class=\"ti-inner\"> <div class=\"col-left\"> <div class=\"ti-review-header\">  <\/div> <\/div> <div class=\"col-right\"> <span class=\"ti-stars\"> <div class=\"ti-platform-icon ti-with-tooltip\"> <span class=\"ti-tooltip\">Posted on <\/span> <trustindex-image data-imgurl=\"https:\/\/cdn.trustindex.io\/assets\/platform\/Google\/icon.svg\" alt=\"\" width=\"20\" height=\"20\" loading=\"lazy\"><\/trustindex-image> <\/div> <trustindex-image class=\"ti-star\" data-imgurl=\"https:\/\/cdn.trustindex.io\/assets\/platform\/Google\/star\/f.svg\" alt=\"Google\" width=\"17\" height=\"17\" loading=\"lazy\"><\/trustindex-image><trustindex-image class=\"ti-star\" data-imgurl=\"https:\/\/cdn.trustindex.io\/assets\/platform\/Google\/star\/f.svg\" alt=\"Google\" width=\"17\" height=\"17\" loading=\"lazy\"><\/trustindex-image><trustindex-image class=\"ti-star\" data-imgurl=\"https:\/\/cdn.trustindex.io\/assets\/platform\/Google\/star\/f.svg\" alt=\"Google\" width=\"17\" height=\"17\" loading=\"lazy\"><\/trustindex-image><trustindex-image class=\"ti-star\" data-imgurl=\"https:\/\/cdn.trustindex.io\/assets\/platform\/Google\/star\/f.svg\" alt=\"Google\" width=\"17\" height=\"17\" loading=\"lazy\"><\/trustindex-image><trustindex-image class=\"ti-star\" data-imgurl=\"https:\/\/cdn.trustindex.io\/assets\/platform\/Google\/star\/f.svg\" alt=\"Google\" width=\"17\" height=\"17\" loading=\"lazy\"><\/trustindex-image> <\/span> <div class=\"ti-review-text-container ti-review-text\"><!-- R-CONTENT -->Extremely professional service, highly recommending for anyone<!-- R-CONTENT --><\/div> <div class=\"ti-profile-details\"> <div class=\"ti-name\"> marek gorniak <\/div> <div class=\"ti-date\">2024-02-19<\/div> <\/div> <\/div> <\/div> <\/div>  <\/div> <\/div> <\/div> <\/div> <\/template><\/pre><div data-src=\"https:\/\/cdn.trustindex.io\/loader.js?wp-widget\" data-template-id=\"trustindex-google-widget-html\" data-css-url=\"https:\/\/findyourpace.co.uk\/wp-content\/uploads\/trustindex-google-widget.css?1764255965\"><\/div><\/p>\n<p>&nbsp;<\/p>\n<p class=\"\">Rem\u00e9lem, hogy seg\u00edts\u00e9g\u00e9re lehet ez a dokumentum.<\/p>\n<p>&nbsp;<\/p>\n<p class=\"\">A dokumentum let\u00f6lt\u00e9s\u00e9hez kattintson <strong><span style=\"color: #000000;\"><a style=\"color: #000000;\" href=\"http:\/\/findyourpace.co.uk\/wp-content\/uploads\/2024\/01\/Find-Your-Pace-Therapy_Trigger-knowledge.pdf\" target=\"_blank\" rel=\"noopener\">ide<\/a><\/span><\/strong>.<\/p>\n<\/div>\n<div class=\"col-lg-7 col-md-12 col-xs-12 col-sm-12\">\n<p class=\"\"><a href=\"http:\/\/findyourpace.co.uk\/wp-content\/uploads\/2024\/01\/Find-Your-Pace-Therapy_Trigger-knowledge.pdf\" target=\"_blank\" rel=\"noopener\"><img decoding=\"async\" class=\"aligncenter wp-image-1356  lazyload\" src=\"data:image\/gif;base64,R0lGODlhAQABAIAAAAAAAP\/\/\/yH5BAEAAAAALAAAAAABAAEAAAIBRAA7\" data-src=\"http:\/\/findyourpace.co.uk\/wp-content\/uploads\/2024\/01\/17-1.jpg\" alt=\"\" width=\"542\" height=\"407\"><noscript><img decoding=\"async\" class=\"aligncenter wp-image-1356  lazyload\" src=\"http:\/\/findyourpace.co.uk\/wp-content\/uploads\/2024\/01\/17-1.jpg\" alt=\"\" width=\"542\" height=\"407\" srcset=\"https:\/\/findyourpace.co.uk\/wp-content\/uploads\/2024\/01\/17-1.jpg 1850w, https:\/\/findyourpace.co.uk\/wp-content\/uploads\/2024\/01\/17-1-300x225.jpg 300w, https:\/\/findyourpace.co.uk\/wp-content\/uploads\/2024\/01\/17-1-1024x768.jpg 1024w, https:\/\/findyourpace.co.uk\/wp-content\/uploads\/2024\/01\/17-1-768x576.jpg 768w, https:\/\/findyourpace.co.uk\/wp-content\/uploads\/2024\/01\/17-1-1536x1152.jpg 1536w, https:\/\/findyourpace.co.uk\/wp-content\/uploads\/2024\/01\/17-1-16x12.jpg 16w, https:\/\/findyourpace.co.uk\/wp-content\/uploads\/2024\/01\/17-1-250x188.jpg 250w, https:\/\/findyourpace.co.uk\/wp-content\/uploads\/2024\/01\/17-1-550x413.jpg 550w, https:\/\/findyourpace.co.uk\/wp-content\/uploads\/2024\/01\/17-1-800x600.jpg 800w, https:\/\/findyourpace.co.uk\/wp-content\/uploads\/2024\/01\/17-1-240x180.jpg 240w, https:\/\/findyourpace.co.uk\/wp-content\/uploads\/2024\/01\/17-1-400x300.jpg 400w, https:\/\/findyourpace.co.uk\/wp-content\/uploads\/2024\/01\/17-1-666x500.jpg 666w\" sizes=\"(max-width: 542px) 100vw, 542px\" \/><\/noscript><\/a><\/p>\n<\/div>\n<\/div>\n<div class=\"row\"><\/div>\n<\/div>\n<\/div>","protected":false},"excerpt":{"rendered":"<p>Resources &nbsp; In this section, you can find some resources that may be of interest to you. Trigger knowledge &nbsp; I developed this document to attempt to help people discover more about triggers; potential responses to triggers, and the advantages and disadvantages of avoiding\/facing triggers. It also encourages individuals to think about their own personal [&hellip;]<\/p>\n","protected":false},"author":1,"featured_media":0,"parent":0,"menu_order":0,"comment_status":"closed","ping_status":"closed","template":"","meta":{"bgseo_title":"","bgseo_description":"","bgseo_robots_index":"index","bgseo_robots_follow":"follow","_monsterinsights_skip_tracking":false,"_monsterinsights_sitenote_active":false,"_monsterinsights_sitenote_note":"","_monsterinsights_sitenote_category":0,"footnotes":""},"class_list":["post-1338","page","type-page","status-publish"],"yoast_head":"<!-- This site is optimized with the Yoast SEO plugin v27.0 - https:\/\/yoast.com\/product\/yoast-seo-wordpress\/ -->\n<title>Resources | Find Your Pace<\/title>\n<meta name=\"robots\" content=\"index, follow, max-snippet:-1, max-image-preview:large, max-video-preview:-1\" \/>\n<link rel=\"canonical\" href=\"https:\/\/findyourpace.co.uk\/hu\/resources\/\" \/>\n<meta property=\"og:locale\" content=\"hu_HU\" \/>\n<meta property=\"og:type\" content=\"article\" \/>\n<meta property=\"og:title\" content=\"Resources - Find Your Pace\" \/>\n<meta property=\"og:description\" content=\"Resources &nbsp; In this section, you can find some resources that may be of interest to you. Trigger knowledge &nbsp; I developed this document to attempt to help people discover more about triggers; potential responses to triggers, and the advantages and disadvantages of avoiding\/facing triggers. It also encourages individuals to think about their own personal [&hellip;]\" \/>\n<meta property=\"og:url\" content=\"https:\/\/findyourpace.co.uk\/hu\/resources\/\" \/>\n<meta property=\"og:site_name\" content=\"Find Your Pace\" \/>\n<meta property=\"article:publisher\" content=\"https:\/\/www.facebook.com\/findyourpacetherapy\" \/>\n<meta property=\"article:modified_time\" content=\"2024-06-12T18:13:56+00:00\" \/>\n<meta property=\"og:image\" content=\"http:\/\/findyourpace.co.uk\/wp-content\/uploads\/2024\/01\/17-1.jpg\" \/>\n<meta name=\"twitter:card\" content=\"summary_large_image\" \/>\n<meta name=\"twitter:label1\" content=\"Est. reading time\" \/>\n\t<meta name=\"twitter:data1\" content=\"1 minute\" \/>\n<script type=\"application\/ld+json\" class=\"yoast-schema-graph\">{\"@context\":\"https:\/\/schema.org\",\"@graph\":[{\"@type\":\"WebPage\",\"@id\":\"https:\/\/findyourpace.co.uk\/resources\/\",\"url\":\"https:\/\/findyourpace.co.uk\/resources\/\",\"name\":\"Resources - Find Your Pace\",\"isPartOf\":{\"@id\":\"https:\/\/findyourpace.co.uk\/#website\"},\"primaryImageOfPage\":{\"@id\":\"https:\/\/findyourpace.co.uk\/resources\/#primaryimage\"},\"image\":{\"@id\":\"https:\/\/findyourpace.co.uk\/resources\/#primaryimage\"},\"thumbnailUrl\":\"http:\/\/findyourpace.co.uk\/wp-content\/uploads\/2024\/01\/17-1.jpg\",\"datePublished\":\"2024-01-27T19:29:58+00:00\",\"dateModified\":\"2024-06-12T18:13:56+00:00\",\"breadcrumb\":{\"@id\":\"https:\/\/findyourpace.co.uk\/resources\/#breadcrumb\"},\"inLanguage\":\"hu-HU\",\"potentialAction\":[{\"@type\":\"ReadAction\",\"target\":[\"https:\/\/findyourpace.co.uk\/resources\/\"]}]},{\"@type\":\"ImageObject\",\"inLanguage\":\"hu-HU\",\"@id\":\"https:\/\/findyourpace.co.uk\/resources\/#primaryimage\",\"url\":\"http:\/\/findyourpace.co.uk\/wp-content\/uploads\/2024\/01\/17-1.jpg\",\"contentUrl\":\"http:\/\/findyourpace.co.uk\/wp-content\/uploads\/2024\/01\/17-1.jpg\"},{\"@type\":\"BreadcrumbList\",\"@id\":\"https:\/\/findyourpace.co.uk\/resources\/#breadcrumb\",\"itemListElement\":[{\"@type\":\"ListItem\",\"position\":1,\"name\":\"Home\",\"item\":\"https:\/\/findyourpace.co.uk\/\"},{\"@type\":\"ListItem\",\"position\":2,\"name\":\"Resources\"}]},{\"@type\":\"WebSite\",\"@id\":\"https:\/\/findyourpace.co.uk\/#website\",\"url\":\"https:\/\/findyourpace.co.uk\/\",\"name\":\"Find Your Pace - Psychological Therapy Services for Adults and Adolescents\",\"description\":\"Psychological Therapy and Clinical Supervision for Adults and Adolescents\",\"publisher\":{\"@id\":\"https:\/\/findyourpace.co.uk\/#organization\"},\"alternateName\":\"Find Your Pace Therapy\",\"potentialAction\":[{\"@type\":\"SearchAction\",\"target\":{\"@type\":\"EntryPoint\",\"urlTemplate\":\"https:\/\/findyourpace.co.uk\/?s={search_term_string}\"},\"query-input\":{\"@type\":\"PropertyValueSpecification\",\"valueRequired\":true,\"valueName\":\"search_term_string\"}}],\"inLanguage\":\"hu-HU\"},{\"@type\":\"Organization\",\"@id\":\"https:\/\/findyourpace.co.uk\/#organization\",\"name\":\"Find Your Pace - Psychological Therapy Services for Adults and Adolescents\",\"alternateName\":\"Find Your Pace Therapy\",\"url\":\"https:\/\/findyourpace.co.uk\/\",\"logo\":{\"@type\":\"ImageObject\",\"inLanguage\":\"hu-HU\",\"@id\":\"https:\/\/findyourpace.co.uk\/#\/schema\/logo\/image\/\",\"url\":\"http:\/\/findyourpace.co.uk\/wp-content\/uploads\/2021\/08\/Szabolcs_Galvolgyi_Profile_Picture_2-1.jpg\",\"contentUrl\":\"http:\/\/findyourpace.co.uk\/wp-content\/uploads\/2021\/08\/Szabolcs_Galvolgyi_Profile_Picture_2-1.jpg\",\"width\":2049,\"height\":1973,\"caption\":\"Find Your Pace - Psychological Therapy Services for Adults and Adolescents\"},\"image\":{\"@id\":\"https:\/\/findyourpace.co.uk\/#\/schema\/logo\/image\/\"},\"sameAs\":[\"https:\/\/www.facebook.com\/findyourpacetherapy\",\"https:\/\/www.youtube.com\/channel\/UCYbVRQP-SQAVYjUx0qF-rWg\",\"https:\/\/www.linkedin.com\/in\/findyourpacetherapy\"]}]}<\/script>\n<!-- \/ Yoast SEO plugin. -->","yoast_head_json":{"title":"Resources | Find Your Pace","robots":{"index":"index","follow":"follow","max-snippet":"max-snippet:-1","max-image-preview":"max-image-preview:large","max-video-preview":"max-video-preview:-1"},"canonical":"https:\/\/findyourpace.co.uk\/hu\/resources\/","og_locale":"hu_HU","og_type":"article","og_title":"Resources - Find Your Pace","og_description":"Resources &nbsp; In this section, you can find some resources that may be of interest to you. Trigger knowledge &nbsp; I developed this document to attempt to help people discover more about triggers; potential responses to triggers, and the advantages and disadvantages of avoiding\/facing triggers. It also encourages individuals to think about their own personal [&hellip;]","og_url":"https:\/\/findyourpace.co.uk\/hu\/resources\/","og_site_name":"Find Your Pace","article_publisher":"https:\/\/www.facebook.com\/findyourpacetherapy","article_modified_time":"2024-06-12T18:13:56+00:00","og_image":[{"url":"http:\/\/findyourpace.co.uk\/wp-content\/uploads\/2024\/01\/17-1.jpg","type":"","width":"","height":""}],"twitter_card":"summary_large_image","twitter_misc":{"Est. reading time":"1 minute"},"schema":{"@context":"https:\/\/schema.org","@graph":[{"@type":"WebPage","@id":"https:\/\/findyourpace.co.uk\/resources\/","url":"https:\/\/findyourpace.co.uk\/resources\/","name":"Resources - Find Your Pace","isPartOf":{"@id":"https:\/\/findyourpace.co.uk\/#website"},"primaryImageOfPage":{"@id":"https:\/\/findyourpace.co.uk\/resources\/#primaryimage"},"image":{"@id":"https:\/\/findyourpace.co.uk\/resources\/#primaryimage"},"thumbnailUrl":"http:\/\/findyourpace.co.uk\/wp-content\/uploads\/2024\/01\/17-1.jpg","datePublished":"2024-01-27T19:29:58+00:00","dateModified":"2024-06-12T18:13:56+00:00","breadcrumb":{"@id":"https:\/\/findyourpace.co.uk\/resources\/#breadcrumb"},"inLanguage":"hu-HU","potentialAction":[{"@type":"ReadAction","target":["https:\/\/findyourpace.co.uk\/resources\/"]}]},{"@type":"ImageObject","inLanguage":"hu-HU","@id":"https:\/\/findyourpace.co.uk\/resources\/#primaryimage","url":"http:\/\/findyourpace.co.uk\/wp-content\/uploads\/2024\/01\/17-1.jpg","contentUrl":"http:\/\/findyourpace.co.uk\/wp-content\/uploads\/2024\/01\/17-1.jpg"},{"@type":"BreadcrumbList","@id":"https:\/\/findyourpace.co.uk\/resources\/#breadcrumb","itemListElement":[{"@type":"ListItem","position":1,"name":"Home","item":"https:\/\/findyourpace.co.uk\/"},{"@type":"ListItem","position":2,"name":"Resources"}]},{"@type":"WebSite","@id":"https:\/\/findyourpace.co.uk\/#website","url":"https:\/\/findyourpace.co.uk\/","name":"Find Your Pace - Psychological Therapy Services for Adults and Adolescents","description":"Psychological Therapy and Clinical Supervision for Adults and Adolescents","publisher":{"@id":"https:\/\/findyourpace.co.uk\/#organization"},"alternateName":"Find Your Pace Therapy","potentialAction":[{"@type":"SearchAction","target":{"@type":"EntryPoint","urlTemplate":"https:\/\/findyourpace.co.uk\/?s={search_term_string}"},"query-input":{"@type":"PropertyValueSpecification","valueRequired":true,"valueName":"search_term_string"}}],"inLanguage":"hu-HU"},{"@type":"Organization","@id":"https:\/\/findyourpace.co.uk\/#organization","name":"Find Your Pace - Psychological Therapy Services for Adults and Adolescents","alternateName":"Find Your Pace Therapy","url":"https:\/\/findyourpace.co.uk\/","logo":{"@type":"ImageObject","inLanguage":"hu-HU","@id":"https:\/\/findyourpace.co.uk\/#\/schema\/logo\/image\/","url":"http:\/\/findyourpace.co.uk\/wp-content\/uploads\/2021\/08\/Szabolcs_Galvolgyi_Profile_Picture_2-1.jpg","contentUrl":"http:\/\/findyourpace.co.uk\/wp-content\/uploads\/2021\/08\/Szabolcs_Galvolgyi_Profile_Picture_2-1.jpg","width":2049,"height":1973,"caption":"Find Your Pace - Psychological Therapy Services for Adults and Adolescents"},"image":{"@id":"https:\/\/findyourpace.co.uk\/#\/schema\/logo\/image\/"},"sameAs":["https:\/\/www.facebook.com\/findyourpacetherapy","https:\/\/www.youtube.com\/channel\/UCYbVRQP-SQAVYjUx0qF-rWg","https:\/\/www.linkedin.com\/in\/findyourpacetherapy"]}]}},"_links":{"self":[{"href":"http:\/\/findyourpace.co.uk\/hu\/wp-json\/wp\/v2\/pages\/1338","targetHints":{"allow":["GET"]}}],"collection":[{"href":"http:\/\/findyourpace.co.uk\/hu\/wp-json\/wp\/v2\/pages"}],"about":[{"href":"http:\/\/findyourpace.co.uk\/hu\/wp-json\/wp\/v2\/types\/page"}],"author":[{"embeddable":true,"href":"http:\/\/findyourpace.co.uk\/hu\/wp-json\/wp\/v2\/users\/1"}],"replies":[{"embeddable":true,"href":"http:\/\/findyourpace.co.uk\/hu\/wp-json\/wp\/v2\/comments?post=1338"}],"version-history":[{"count":0,"href":"http:\/\/findyourpace.co.uk\/hu\/wp-json\/wp\/v2\/pages\/1338\/revisions"}],"wp:attachment":[{"href":"http:\/\/findyourpace.co.uk\/hu\/wp-json\/wp\/v2\/media?parent=1338"}],"curies":[{"name":"wp","href":"https:\/\/api.w.org\/{rel}","templated":true}]}}