{"id":1503,"date":"2025-08-29T08:27:11","date_gmt":"2025-08-29T08:27:11","guid":{"rendered":"https:\/\/findyourpace.co.uk\/?page_id=1503"},"modified":"2025-09-18T08:57:43","modified_gmt":"2025-09-18T08:57:43","slug":"supervision","status":"publish","type":"page","link":"http:\/\/findyourpace.co.uk\/hu\/supervision\/","title":{"rendered":"Szuperv\u00edzi\u00f3"},"content":{"rendered":"<div class=\"color1-background-color color-1-text-contrast bg-background-color tmpl-blog-8 boldgrid-section dynamic-gridblock\">\n<div class=\"container\">\n<div class=\"row\" style=\"padding-bottom: 0px;\">\n<div class=\"col-lg-1 col-md-12 col-sm-12 col-xs-12\" style=\"text-align: center;\"><\/div>\n<div class=\"col-md-12 col-sm-12 col-xs-12 col-lg-10\">\n<h3 class=\"\" style=\"text-align: center;\">Klinikai szuperv\u00edzi\u00f3<\/h3>\n<p class=\"\">A szuperv\u00edzi\u00f3 alapvet\u0151 r\u00e9sze a seg\u00edt\u0151 szakm\u00e1k gyakorlat\u00e1nak, mint p\u00e9ld\u00e1ul a pszichoter\u00e1pia, tan\u00e1csad\u00e1s, pszichol\u00f3gia, \u00e1pol\u00e1s \u00e9s hasonl\u00f3k. Sz\u00e1mos szakmai szervezet er\u0151sen aj\u00e1nlja, vagy bizonyos esetekben el\u0151 is \u00edrja a rendszeres szuperv\u00edzi\u00f3t. V\u00e9lem\u00e9nyem szerint a szuperv\u00edzi\u00f3 akkor a leghasznosabb, ha a szupervizor \u00e9s a szupervizion\u00e1lt k\u00f6z\u00f6tti egy\u00fcttm\u0171k\u00f6d\u00e9sen alapszik \u2013 ez az, amire a saj\u00e1t gyakorlatomban is t\u00f6rekszem.<\/p>\n<p class=\"\" style=\"padding-right: 0px; padding-left: 0px;\"><img decoding=\"async\" class=\"bg-img bg-img-circle wp-image-1536 alignleft lazyload\" src=\"data:image\/gif;base64,R0lGODlhAQABAIAAAAAAAP\/\/\/yH5BAEAAAAALAAAAAABAAEAAAIBRAA7\" data-src=\"https:\/\/findyourpace.co.uk\/wp-content\/uploads\/2025\/09\/Two_people_high_fiving_2-169x300.jpg\" alt=\"\" width=\"104\" height=\"185\"><noscript><img decoding=\"async\" class=\"bg-img bg-img-circle wp-image-1536 alignleft lazyload\" src=\"https:\/\/findyourpace.co.uk\/wp-content\/uploads\/2025\/09\/Two_people_high_fiving_2-169x300.jpg\" alt=\"\" width=\"104\" height=\"185\" srcset=\"https:\/\/findyourpace.co.uk\/wp-content\/uploads\/2025\/09\/Two_people_high_fiving_2-169x300.jpg 169w, https:\/\/findyourpace.co.uk\/wp-content\/uploads\/2025\/09\/Two_people_high_fiving_2-576x1024.jpg 576w, https:\/\/findyourpace.co.uk\/wp-content\/uploads\/2025\/09\/Two_people_high_fiving_2-768x1365.jpg 768w, https:\/\/findyourpace.co.uk\/wp-content\/uploads\/2025\/09\/Two_people_high_fiving_2-864x1536.jpg 864w, https:\/\/findyourpace.co.uk\/wp-content\/uploads\/2025\/09\/Two_people_high_fiving_2-1152x2048.jpg 1152w, https:\/\/findyourpace.co.uk\/wp-content\/uploads\/2025\/09\/Two_people_high_fiving_2-7x12.jpg 7w, https:\/\/findyourpace.co.uk\/wp-content\/uploads\/2025\/09\/Two_people_high_fiving_2-250x444.jpg 250w, https:\/\/findyourpace.co.uk\/wp-content\/uploads\/2025\/09\/Two_people_high_fiving_2-550x978.jpg 550w, https:\/\/findyourpace.co.uk\/wp-content\/uploads\/2025\/09\/Two_people_high_fiving_2-800x1422.jpg 800w, https:\/\/findyourpace.co.uk\/wp-content\/uploads\/2025\/09\/Two_people_high_fiving_2-101x180.jpg 101w, https:\/\/findyourpace.co.uk\/wp-content\/uploads\/2025\/09\/Two_people_high_fiving_2-281x500.jpg 281w, https:\/\/findyourpace.co.uk\/wp-content\/uploads\/2025\/09\/Two_people_high_fiving_2-scaled.jpg 1440w\" sizes=\"(max-width: 104px) 100vw, 104px\" \/><\/noscript>Szuperv\u00edzi\u00f3s praxisomban azt szeretn\u00e9m ny\u00fajtani a szupervizion\u00e1ltaknak, amit az \u00e9vek sor\u00e1n \u00e9n magam is a leghasznosabbnak tal\u00e1ltam: a kliensanyag f\u00f3kuszba helyez\u00e9s\u00e9t, valamint a ter\u00e1pi\u00e1s kapcsolat aspektusainak vizsg\u00e1lat\u00e1t (pl. hogyan hathat bizonyos kliensekkel v\u00e9gzett munka a szupervizion\u00e1lt saj\u00e1t \u00e9let\u00e9re). Gyakran t\u00e1maszkodom a szuperv\u00edzi\u00f3 fejl\u0151d\u00e9selm\u00e9leti megk\u00f6zel\u00edt\u00e9seire, mert \u00fagy v\u00e9lem, ezek seg\u00edthetnek k\u00f6z\u00f6sen megtal\u00e1lni azt a \u201ehangot\u201d, amely el\u0151seg\u00edtheti az egym\u00e1s jobb meg\u00e9rt\u00e9s\u00e9t a szupervizion\u00e1ltjaimmal, valamint a szakmai munk\u00e1nk \u00e1tl\u00e1t\u00e1s\u00e1t is. Praxisomban szint\u00e9n rendszeresen alkalmazom a \"Seven-Eyed Model\"-t is, mivel strukt\u00far\u00e1j\u00e1t megfelel\u0151nek tal\u00e1lom arra, hogy kontextu\u00e1lisan is jobban meg\u00e9rts\u00fck a klienssekkel val\u00f3 munk\u00e1t. K\u00e9pz\u00e9sem sor\u00e1n m\u00e1s megk\u00f6zel\u00edt\u00e9sek is hatottak r\u00e1m, mint p\u00e9ld\u00e1ul a szuperv\u00edzi\u00f3 funkci\u00f3ira koncentr\u00e1l\u00f3 modell, amely seg\u00edts\u00e9g\u00e9vel k\u00f6nnyebben azonos\u00edthat\u00f3k a szupervizion\u00e1ltak sz\u00fcks\u00e9gletei.<\/p>\n<p class=\"\">Szuperv\u00edzi\u00f3s tud\u00e1som megalapoz\u00e1s\u00e1t egy szuperv\u00edzi\u00f3s k\u00e9pz\u00e9s biztos\u00edtotta (Level 6 Certificate), amelyet a Counselling &amp; Psychotherapy Central Awarding Body (CPCAB) akkredit\u00e1lt.<\/p>\n<p class=\"\">Klinikai szuperv\u00edzi\u00f3t online (pl. Microsoft Teamsen kereszt\u00fcl) \u00e9s szem\u00e9lyesen is k\u00edn\u00e1lok. Szem\u00e9lyes szuperv\u00edzi\u00f3t a Tunstall Primary Care Centre-ben, valamint a Blythe Bridge Primary Care Centre-ben biztos\u00edtok.<\/p>\n<p class=\"\">A szuperv\u00edzi\u00f3 hossza ig\u00e9ny szerint lehet 1 vagy 1,5 \u00f3ra, heti, k\u00e9theti vagy havi rendszeress\u00e9ggel.<\/p>\n<p class=\"\">Az online t\u00f6rt\u00e9n\u0151 szuperv\u00edzi\u00f3 d\u00edja 60 font\/\u00f3ra, a szem\u00e9lyes szuperv\u00edzi\u00f3 d\u00edja 65 font\/\u00f3ra.&nbsp;<\/p>\n<p class=\"\"><img decoding=\"async\" class=\"bg-img bg-img-circle alignright wp-image-1540  lazyload\" src=\"data:image\/gif;base64,R0lGODlhAQABAIAAAAAAAP\/\/\/yH5BAEAAAAALAAAAAABAAEAAAIBRAA7\" data-src=\"https:\/\/findyourpace.co.uk\/wp-content\/uploads\/2025\/09\/light_bulb_2-288x300.jpg\" alt=\"Light Bulb\" width=\"163\" height=\"170\"><noscript><img decoding=\"async\" class=\"bg-img bg-img-circle alignright wp-image-1540  lazyload\" src=\"https:\/\/findyourpace.co.uk\/wp-content\/uploads\/2025\/09\/light_bulb_2-288x300.jpg\" alt=\"Light Bulb\" width=\"163\" height=\"170\" srcset=\"https:\/\/findyourpace.co.uk\/wp-content\/uploads\/2025\/09\/light_bulb_2-288x300.jpg 288w, https:\/\/findyourpace.co.uk\/wp-content\/uploads\/2025\/09\/light_bulb_2-983x1024.jpg 983w, https:\/\/findyourpace.co.uk\/wp-content\/uploads\/2025\/09\/light_bulb_2-768x800.jpg 768w, https:\/\/findyourpace.co.uk\/wp-content\/uploads\/2025\/09\/light_bulb_2-1475x1536.jpg 1475w, https:\/\/findyourpace.co.uk\/wp-content\/uploads\/2025\/09\/light_bulb_2-12x12.jpg 12w, https:\/\/findyourpace.co.uk\/wp-content\/uploads\/2025\/09\/light_bulb_2-250x260.jpg 250w, https:\/\/findyourpace.co.uk\/wp-content\/uploads\/2025\/09\/light_bulb_2-550x573.jpg 550w, https:\/\/findyourpace.co.uk\/wp-content\/uploads\/2025\/09\/light_bulb_2-800x833.jpg 800w, https:\/\/findyourpace.co.uk\/wp-content\/uploads\/2025\/09\/light_bulb_2-173x180.jpg 173w, https:\/\/findyourpace.co.uk\/wp-content\/uploads\/2025\/09\/light_bulb_2-480x500.jpg 480w, https:\/\/findyourpace.co.uk\/wp-content\/uploads\/2025\/09\/light_bulb_2.jpg 1921w\" sizes=\"(max-width: 163px) 100vw, 163px\" \/><\/noscript>Tiszt\u00e1ban vagyok avval, hogy a megfelel\u0151 szupervizor kiv\u00e1laszt\u00e1sa olykor neh\u00e9z feladat lehet. \u00dagy gondolom, egy els\u0151 kapcsolatfelv\u00e9tel seg\u00edthet abban, hogy mindk\u00e9t f\u00e9l jobban felm\u00e9rje, mennyire tudnak egy\u00fcttm\u0171k\u00f6dni. Ez\u00e9rt ingyenes, r\u00f6vid kezdeti konzult\u00e1ci\u00f3t k\u00edn\u00e1lok online minden potenci\u00e1lis szupervizion\u00e1lt r\u00e9sz\u00e9re.<\/p>\n<p class=\"\">Kapcsolatba l\u00e9phet velem <span style=\"color: #3366ff;\"><a style=\"color: #3366ff;\" href=\"tel:07503578639\">telefonon<\/a><\/span>, a kapcsolati \u0171rlap <span style=\"color: #3366ff;\"><a style=\"color: #3366ff;\" href=\"https:\/\/findyourpace.co.uk\/hu\/contact\/\">kit\u00f6lt\u00e9s\u00e9vel<\/a><\/span>, valamint <span style=\"color: #3366ff;\"><a style=\"color: #3366ff;\" href=\"\/hu\/contact@findyourpace.co.uk\/\">e-mail-en kereszt\u00fcl<\/a><\/span>.<\/p>\n<p class=\"\">V\u00e1rom kedves jelentkez\u00e9s\u00e9t!<\/p>\n<div class=\"row\" style=\"padding-top: 30px; padding-bottom: 20px;\">\n<div class=\"col-md-3 col-sm-3 col-xs-4 align-column-center col-lg-3\">\n<div>\n<p class=\"\"><img decoding=\"async\" class=\"bg-img bg-img-circle alignnone wp-image-1255  lazyload\" src=\"data:image\/gif;base64,R0lGODlhAQABAIAAAAAAAP\/\/\/yH5BAEAAAAALAAAAAABAAEAAAIBRAA7\" data-src=\"https:\/\/findyourpace.co.uk\/wp-content\/uploads\/2021\/08\/cropped-Szabolcs_Galvolgyi_Profile_Picture_2-1-300x300.jpg\" alt=\"\" width=\"191\" height=\"191\"><noscript><img decoding=\"async\" class=\"bg-img bg-img-circle alignnone wp-image-1255  lazyload\" src=\"https:\/\/findyourpace.co.uk\/wp-content\/uploads\/2021\/08\/cropped-Szabolcs_Galvolgyi_Profile_Picture_2-1-300x300.jpg\" alt=\"\" width=\"191\" height=\"191\" srcset=\"https:\/\/findyourpace.co.uk\/wp-content\/uploads\/2021\/08\/cropped-Szabolcs_Galvolgyi_Profile_Picture_2-1-300x300.jpg 300w, https:\/\/findyourpace.co.uk\/wp-content\/uploads\/2021\/08\/cropped-Szabolcs_Galvolgyi_Profile_Picture_2-1-150x150.jpg 150w, https:\/\/findyourpace.co.uk\/wp-content\/uploads\/2021\/08\/cropped-Szabolcs_Galvolgyi_Profile_Picture_2-1-12x12.jpg 12w, https:\/\/findyourpace.co.uk\/wp-content\/uploads\/2021\/08\/cropped-Szabolcs_Galvolgyi_Profile_Picture_2-1-48x48.jpg 48w, https:\/\/findyourpace.co.uk\/wp-content\/uploads\/2021\/08\/cropped-Szabolcs_Galvolgyi_Profile_Picture_2-1-250x250.jpg 250w, https:\/\/findyourpace.co.uk\/wp-content\/uploads\/2021\/08\/cropped-Szabolcs_Galvolgyi_Profile_Picture_2-1-180x180.jpg 180w, https:\/\/findyourpace.co.uk\/wp-content\/uploads\/2021\/08\/cropped-Szabolcs_Galvolgyi_Profile_Picture_2-1-500x500.jpg 500w, https:\/\/findyourpace.co.uk\/wp-content\/uploads\/2021\/08\/cropped-Szabolcs_Galvolgyi_Profile_Picture_2-1-270x270.jpg 270w, https:\/\/findyourpace.co.uk\/wp-content\/uploads\/2021\/08\/cropped-Szabolcs_Galvolgyi_Profile_Picture_2-1-192x192.jpg 192w, https:\/\/findyourpace.co.uk\/wp-content\/uploads\/2021\/08\/cropped-Szabolcs_Galvolgyi_Profile_Picture_2-1-32x32.jpg 32w, https:\/\/findyourpace.co.uk\/wp-content\/uploads\/2021\/08\/cropped-Szabolcs_Galvolgyi_Profile_Picture_2-1.jpg 512w\" sizes=\"(max-width: 191px) 100vw, 191px\" \/><\/noscript><\/p>\n<\/div>\n<\/div>\n<div class=\"col-md-9 col-sm-9 col-xs-8 col-lg-9\">\n<div>\n<h4 class=\"color2-color\">Klinikai szupervizor<\/h4>\n<h3 class=\"color2-color\">G\u00e1lv\u00f6lgyi Szabolcs<\/h3>\n<\/div>\n<\/div>\n<\/div>\n<blockquote class=\"color2-color bg-blockquote\" style=\"margin: 20px 0;\"><p>\"...a szuperv\u00edzi\u00f3 akkor a leghasznosabb, ha a szupervizor \u00e9s a szupervizion\u00e1lt k\u00f6z\u00f6tti egy\u00fcttm\u0171k\u00f6d\u00e9sen alapul...\"<\/p><\/blockquote>\n<\/div>\n<div class=\"col-lg-1 col-md-12 col-sm-12 col-xs-12\"><\/div>\n<\/div>\n<\/div>\n<\/div>","protected":false},"excerpt":{"rendered":"<p>Clinical supervision Supervision is a vital part of the helping professions, such as psychological therapy, counselling, psychology, nursing and so on. It is also highly recommended, or in some cases required, by certain professional bodies to undertake regular supervision. In my opinion, supervision can be the most beneficial when it involves collaboration between supervisee and [&hellip;]<\/p>\n","protected":false},"author":1,"featured_media":0,"parent":0,"menu_order":0,"comment_status":"closed","ping_status":"closed","template":"","meta":{"bgseo_title":"","bgseo_description":"","bgseo_robots_index":"index","bgseo_robots_follow":"follow","_monsterinsights_skip_tracking":false,"_monsterinsights_sitenote_active":false,"_monsterinsights_sitenote_note":"","_monsterinsights_sitenote_category":0,"footnotes":""},"class_list":["post-1503","page","type-page","status-publish"],"yoast_head":"<!-- This site is optimized with the Yoast SEO plugin v27.0 - https:\/\/yoast.com\/product\/yoast-seo-wordpress\/ -->\n<title>Supervision | Find Your Pace<\/title>\n<meta name=\"robots\" content=\"index, follow, max-snippet:-1, max-image-preview:large, max-video-preview:-1\" \/>\n<link rel=\"canonical\" href=\"https:\/\/findyourpace.co.uk\/hu\/supervision\/\" \/>\n<meta property=\"og:locale\" content=\"hu_HU\" \/>\n<meta property=\"og:type\" content=\"article\" \/>\n<meta property=\"og:title\" content=\"Supervision - Find Your Pace\" \/>\n<meta property=\"og:description\" content=\"Clinical supervision Supervision is a vital part of the helping professions, such as psychological therapy, counselling, psychology, nursing and so on. It is also highly recommended, or in some cases required, by certain professional bodies to undertake regular supervision. In my opinion, supervision can be the most beneficial when it involves collaboration between supervisee and [&hellip;]\" \/>\n<meta property=\"og:url\" content=\"https:\/\/findyourpace.co.uk\/hu\/supervision\/\" \/>\n<meta property=\"og:site_name\" content=\"Find Your Pace\" \/>\n<meta property=\"article:publisher\" content=\"https:\/\/www.facebook.com\/findyourpacetherapy\" \/>\n<meta property=\"article:modified_time\" content=\"2025-09-18T08:57:43+00:00\" \/>\n<meta property=\"og:image\" content=\"https:\/\/findyourpace.co.uk\/wp-content\/uploads\/2025\/09\/Two_people_high_fiving_2-scaled.jpg\" \/>\n\t<meta property=\"og:image:width\" content=\"1440\" \/>\n\t<meta property=\"og:image:height\" content=\"2560\" \/>\n\t<meta property=\"og:image:type\" content=\"image\/jpeg\" \/>\n<meta name=\"twitter:card\" content=\"summary_large_image\" \/>\n<meta name=\"twitter:label1\" content=\"Est. reading time\" \/>\n\t<meta name=\"twitter:data1\" content=\"3 minutes\" \/>\n<script type=\"application\/ld+json\" class=\"yoast-schema-graph\">{\"@context\":\"https:\/\/schema.org\",\"@graph\":[{\"@type\":\"WebPage\",\"@id\":\"https:\/\/findyourpace.co.uk\/supervision\/\",\"url\":\"https:\/\/findyourpace.co.uk\/supervision\/\",\"name\":\"Supervision - Find Your Pace\",\"isPartOf\":{\"@id\":\"https:\/\/findyourpace.co.uk\/#website\"},\"primaryImageOfPage\":{\"@id\":\"https:\/\/findyourpace.co.uk\/supervision\/#primaryimage\"},\"image\":{\"@id\":\"https:\/\/findyourpace.co.uk\/supervision\/#primaryimage\"},\"thumbnailUrl\":\"https:\/\/findyourpace.co.uk\/wp-content\/uploads\/2025\/09\/Two_people_high_fiving_2-169x300.jpg\",\"datePublished\":\"2025-08-29T08:27:11+00:00\",\"dateModified\":\"2025-09-18T08:57:43+00:00\",\"breadcrumb\":{\"@id\":\"https:\/\/findyourpace.co.uk\/supervision\/#breadcrumb\"},\"inLanguage\":\"hu-HU\",\"potentialAction\":[{\"@type\":\"ReadAction\",\"target\":[\"https:\/\/findyourpace.co.uk\/supervision\/\"]}]},{\"@type\":\"ImageObject\",\"inLanguage\":\"hu-HU\",\"@id\":\"https:\/\/findyourpace.co.uk\/supervision\/#primaryimage\",\"url\":\"https:\/\/findyourpace.co.uk\/wp-content\/uploads\/2025\/09\/Two_people_high_fiving_2-169x300.jpg\",\"contentUrl\":\"https:\/\/findyourpace.co.uk\/wp-content\/uploads\/2025\/09\/Two_people_high_fiving_2-169x300.jpg\"},{\"@type\":\"BreadcrumbList\",\"@id\":\"https:\/\/findyourpace.co.uk\/supervision\/#breadcrumb\",\"itemListElement\":[{\"@type\":\"ListItem\",\"position\":1,\"name\":\"Home\",\"item\":\"https:\/\/findyourpace.co.uk\/\"},{\"@type\":\"ListItem\",\"position\":2,\"name\":\"Supervision\"}]},{\"@type\":\"WebSite\",\"@id\":\"https:\/\/findyourpace.co.uk\/#website\",\"url\":\"https:\/\/findyourpace.co.uk\/\",\"name\":\"Find Your Pace - Psychological Therapy Services for Adults and Adolescents\",\"description\":\"Psychological Therapy and Clinical Supervision for Adults and Adolescents\",\"publisher\":{\"@id\":\"https:\/\/findyourpace.co.uk\/#organization\"},\"alternateName\":\"Find Your Pace Therapy\",\"potentialAction\":[{\"@type\":\"SearchAction\",\"target\":{\"@type\":\"EntryPoint\",\"urlTemplate\":\"https:\/\/findyourpace.co.uk\/?s={search_term_string}\"},\"query-input\":{\"@type\":\"PropertyValueSpecification\",\"valueRequired\":true,\"valueName\":\"search_term_string\"}}],\"inLanguage\":\"hu-HU\"},{\"@type\":\"Organization\",\"@id\":\"https:\/\/findyourpace.co.uk\/#organization\",\"name\":\"Find Your Pace - Psychological Therapy Services for Adults and Adolescents\",\"alternateName\":\"Find Your Pace Therapy\",\"url\":\"https:\/\/findyourpace.co.uk\/\",\"logo\":{\"@type\":\"ImageObject\",\"inLanguage\":\"hu-HU\",\"@id\":\"https:\/\/findyourpace.co.uk\/#\/schema\/logo\/image\/\",\"url\":\"http:\/\/findyourpace.co.uk\/wp-content\/uploads\/2021\/08\/Szabolcs_Galvolgyi_Profile_Picture_2-1.jpg\",\"contentUrl\":\"http:\/\/findyourpace.co.uk\/wp-content\/uploads\/2021\/08\/Szabolcs_Galvolgyi_Profile_Picture_2-1.jpg\",\"width\":2049,\"height\":1973,\"caption\":\"Find Your Pace - Psychological Therapy Services for Adults and Adolescents\"},\"image\":{\"@id\":\"https:\/\/findyourpace.co.uk\/#\/schema\/logo\/image\/\"},\"sameAs\":[\"https:\/\/www.facebook.com\/findyourpacetherapy\",\"https:\/\/www.youtube.com\/channel\/UCYbVRQP-SQAVYjUx0qF-rWg\",\"https:\/\/www.linkedin.com\/in\/findyourpacetherapy\"]}]}<\/script>\n<!-- \/ Yoast SEO plugin. -->","yoast_head_json":{"title":"Supervision | Find Your Pace","robots":{"index":"index","follow":"follow","max-snippet":"max-snippet:-1","max-image-preview":"max-image-preview:large","max-video-preview":"max-video-preview:-1"},"canonical":"https:\/\/findyourpace.co.uk\/hu\/supervision\/","og_locale":"hu_HU","og_type":"article","og_title":"Supervision - Find Your Pace","og_description":"Clinical supervision Supervision is a vital part of the helping professions, such as psychological therapy, counselling, psychology, nursing and so on. It is also highly recommended, or in some cases required, by certain professional bodies to undertake regular supervision. In my opinion, supervision can be the most beneficial when it involves collaboration between supervisee and [&hellip;]","og_url":"https:\/\/findyourpace.co.uk\/hu\/supervision\/","og_site_name":"Find Your Pace","article_publisher":"https:\/\/www.facebook.com\/findyourpacetherapy","article_modified_time":"2025-09-18T08:57:43+00:00","og_image":[{"width":1440,"height":2560,"url":"https:\/\/findyourpace.co.uk\/wp-content\/uploads\/2025\/09\/Two_people_high_fiving_2-scaled.jpg","type":"image\/jpeg"}],"twitter_card":"summary_large_image","twitter_misc":{"Est. reading time":"3 minutes"},"schema":{"@context":"https:\/\/schema.org","@graph":[{"@type":"WebPage","@id":"https:\/\/findyourpace.co.uk\/supervision\/","url":"https:\/\/findyourpace.co.uk\/supervision\/","name":"Supervision - Find Your Pace","isPartOf":{"@id":"https:\/\/findyourpace.co.uk\/#website"},"primaryImageOfPage":{"@id":"https:\/\/findyourpace.co.uk\/supervision\/#primaryimage"},"image":{"@id":"https:\/\/findyourpace.co.uk\/supervision\/#primaryimage"},"thumbnailUrl":"https:\/\/findyourpace.co.uk\/wp-content\/uploads\/2025\/09\/Two_people_high_fiving_2-169x300.jpg","datePublished":"2025-08-29T08:27:11+00:00","dateModified":"2025-09-18T08:57:43+00:00","breadcrumb":{"@id":"https:\/\/findyourpace.co.uk\/supervision\/#breadcrumb"},"inLanguage":"hu-HU","potentialAction":[{"@type":"ReadAction","target":["https:\/\/findyourpace.co.uk\/supervision\/"]}]},{"@type":"ImageObject","inLanguage":"hu-HU","@id":"https:\/\/findyourpace.co.uk\/supervision\/#primaryimage","url":"https:\/\/findyourpace.co.uk\/wp-content\/uploads\/2025\/09\/Two_people_high_fiving_2-169x300.jpg","contentUrl":"https:\/\/findyourpace.co.uk\/wp-content\/uploads\/2025\/09\/Two_people_high_fiving_2-169x300.jpg"},{"@type":"BreadcrumbList","@id":"https:\/\/findyourpace.co.uk\/supervision\/#breadcrumb","itemListElement":[{"@type":"ListItem","position":1,"name":"Home","item":"https:\/\/findyourpace.co.uk\/"},{"@type":"ListItem","position":2,"name":"Supervision"}]},{"@type":"WebSite","@id":"https:\/\/findyourpace.co.uk\/#website","url":"https:\/\/findyourpace.co.uk\/","name":"Find Your Pace - Psychological Therapy Services for Adults and Adolescents","description":"Psychological Therapy and Clinical Supervision for Adults and Adolescents","publisher":{"@id":"https:\/\/findyourpace.co.uk\/#organization"},"alternateName":"Find Your Pace Therapy","potentialAction":[{"@type":"SearchAction","target":{"@type":"EntryPoint","urlTemplate":"https:\/\/findyourpace.co.uk\/?s={search_term_string}"},"query-input":{"@type":"PropertyValueSpecification","valueRequired":true,"valueName":"search_term_string"}}],"inLanguage":"hu-HU"},{"@type":"Organization","@id":"https:\/\/findyourpace.co.uk\/#organization","name":"Find Your Pace - Psychological Therapy Services for Adults and Adolescents","alternateName":"Find Your Pace Therapy","url":"https:\/\/findyourpace.co.uk\/","logo":{"@type":"ImageObject","inLanguage":"hu-HU","@id":"https:\/\/findyourpace.co.uk\/#\/schema\/logo\/image\/","url":"http:\/\/findyourpace.co.uk\/wp-content\/uploads\/2021\/08\/Szabolcs_Galvolgyi_Profile_Picture_2-1.jpg","contentUrl":"http:\/\/findyourpace.co.uk\/wp-content\/uploads\/2021\/08\/Szabolcs_Galvolgyi_Profile_Picture_2-1.jpg","width":2049,"height":1973,"caption":"Find Your Pace - Psychological Therapy Services for Adults and Adolescents"},"image":{"@id":"https:\/\/findyourpace.co.uk\/#\/schema\/logo\/image\/"},"sameAs":["https:\/\/www.facebook.com\/findyourpacetherapy","https:\/\/www.youtube.com\/channel\/UCYbVRQP-SQAVYjUx0qF-rWg","https:\/\/www.linkedin.com\/in\/findyourpacetherapy"]}]}},"_links":{"self":[{"href":"http:\/\/findyourpace.co.uk\/hu\/wp-json\/wp\/v2\/pages\/1503","targetHints":{"allow":["GET"]}}],"collection":[{"href":"http:\/\/findyourpace.co.uk\/hu\/wp-json\/wp\/v2\/pages"}],"about":[{"href":"http:\/\/findyourpace.co.uk\/hu\/wp-json\/wp\/v2\/types\/page"}],"author":[{"embeddable":true,"href":"http:\/\/findyourpace.co.uk\/hu\/wp-json\/wp\/v2\/users\/1"}],"replies":[{"embeddable":true,"href":"http:\/\/findyourpace.co.uk\/hu\/wp-json\/wp\/v2\/comments?post=1503"}],"version-history":[{"count":0,"href":"http:\/\/findyourpace.co.uk\/hu\/wp-json\/wp\/v2\/pages\/1503\/revisions"}],"wp:attachment":[{"href":"http:\/\/findyourpace.co.uk\/hu\/wp-json\/wp\/v2\/media?parent=1503"}],"curies":[{"name":"wp","href":"https:\/\/api.w.org\/{rel}","templated":true}]}}